{"id":88,"date":"2019-06-04T10:39:54","date_gmt":"2019-06-04T10:39:54","guid":{"rendered":"https:\/\/kreislandfrauen-hameln-pyrmont.de\/?page_id=88"},"modified":"2020-07-20T09:07:10","modified_gmt":"2020-07-20T09:07:10","slug":"ueber-uns","status":"publish","type":"page","link":"https:\/\/kreislandfrauen-hameln-pyrmont.de\/index.php\/ueber-uns\/","title":{"rendered":"\u00dcber Uns"},"content":{"rendered":"\n<h4> D\u00fcrfen wir vorstellen &#8230; <\/h4>\n\n\n\n<p>\n\nDer Begriff \u201eLandFrauen&#8220; steht in unserer Gesellschaft f\u00fcr Verl\u00e4sslichkeit und Vertrauen, f\u00fcr Qualit\u00e4t und Tradition, f\u00fcr soziale W\u00e4rme und beherztes Zupacken. Wir LandFrauen vom Kreisverband Hameln-Pyrmont e.V. sind eine starke Gemeinschaft. Ob Angestellte oder Selbstst\u00e4ndige, ob Hausfrau oder Aushilfe, ob Single oder Familienmanagerin: Mit Herz vertreten wir die Interessen von allen Frauen im l\u00e4ndlichen Raum!\n\n<\/p>\n\n\n\n<ul><li> Wir f\u00f6rdern eine gute Weiterbildung!<\/li><li> Wir erhalten die Tradition und sch\u00e4tzen das Moderne!<\/li><li>Wir mischen uns ein bei Missst\u00e4nden!<\/li><li> Wir engagieren uns f\u00fcr mehr Lebensqualit\u00e4t im Dorf!<\/li><li>Wir gestalten aktiv das Leben im l\u00e4ndlichen Raum! <\/li><\/ul>\n\n\n\n<p>\n\nUnsere sechs Ortsvereine Aerzen, Bad Pyrmont, Bisperode, B\u00f6rry, Coppenbr\u00fcgge und Hameln haben zusammen rund 1150 Mitglieder. Von Welliehausen bis Baarsen und von Boldenkoven bis Osterwald: In vielen Orten sind wir LandFrauen aktiv! Wir sind eingebunden in ein gro\u00dfes Netzwerk, bestehend aus rund 70.000 Mitgliedern niedersachsenweit und 500.000 LandFrauen im Bundesgebiet.\n\n<\/p>\n\n\n\n<div style=\"height:50px\" aria-hidden=\"true\" class=\"wp-block-spacer\"><\/div>\n\n\n\n<h6> Ein Angebot von &#8230; bis &#8230; <\/h6>\n\n\n\n<p>Eine St\u00e4rke unseres Kreisverbandes mit seinen sechs Vereinen ist das vielseitige Angebot. F\u00fcr jeden ist etwas dabei, von der jungen Frau bis zur Seniorin!<\/p>\n\n\n\n<p><strong>Bildendes:<\/strong>&nbsp;Von Rhetorikseminar bis PC-Kurs<br><strong>Informatives:<\/strong>&nbsp;Von Vortr\u00e4gen \u00fcber Politik bis Gesundheit<br><strong>Kulturelles:<\/strong>&nbsp;Von Kinovorstellung bis Theaterbesuch<br><strong>Geselliges:<\/strong>&nbsp;Von Tagesausflug bis Bildungsreise<br><strong>Kreatives:<\/strong>&nbsp;Von Schwei\u00dfen bis N\u00e4hen<br><strong>Sportliches:<\/strong>&nbsp;Von Meditation bis Wanderung<br><strong>&#8230; und vieles mehr!<\/strong><\/p>\n\n\n\n<p>Schauen Sie sich die einzelnen Programme der Ortsvereine einmal an. Sie werden staunen, wie bunt das Angebot ist! Wir freuen uns, wenn wir Sie bei unseren Veranstaltungen begr\u00fc\u00dfen d\u00fcrfen. <\/p>\n\n\n\n<div style=\"height:50px\" aria-hidden=\"true\" class=\"wp-block-spacer\"><\/div>\n\n\n\n<h6> Vorteile auf ganzer Linie &#8230; <\/h6>\n\n\n\n<p>Wer bei uns Mitglied ist&#8230; <\/p>\n\n\n\n<ul><li> erlebt Gemeinschaft<\/li><li>bekommt neue Impulse<\/li><li>bildet sich weiter<\/li><li>vernetzt sich<\/li><li>lernt Land und Leute kennen<\/li><li>entdeckt Neues und hat Spa\u00df <\/li><\/ul>\n\n\n\n<p><strong>Probieren Sie es aus!<\/strong><\/p>\n\n\n\n<div style=\"height:50px\" aria-hidden=\"true\" class=\"wp-block-spacer\"><\/div>\n","protected":false},"excerpt":{"rendered":"<p>D\u00fcrfen wir vorstellen &#8230; Der Begriff \u201eLandFrauen&#8220; steht in unserer Gesellschaft f\u00fcr [&hellip;]<\/p>\n","protected":false},"author":1,"featured_media":0,"parent":0,"menu_order":0,"comment_status":"closed","ping_status":"closed","template":"","meta":{"_mc_calendar":[]},"_links":{"self":[{"href":"https:\/\/kreislandfrauen-hameln-pyrmont.de\/index.php\/wp-json\/wp\/v2\/pages\/88"}],"collection":[{"href":"https:\/\/kreislandfrauen-hameln-pyrmont.de\/index.php\/wp-json\/wp\/v2\/pages"}],"about":[{"href":"https:\/\/kreislandfrauen-hameln-pyrmont.de\/index.php\/wp-json\/wp\/v2\/types\/page"}],"author":[{"embeddable":true,"href":"https:\/\/kreislandfrauen-hameln-pyrmont.de\/index.php\/wp-json\/wp\/v2\/users\/1"}],"replies":[{"embeddable":true,"href":"https:\/\/kreislandfrauen-hameln-pyrmont.de\/index.php\/wp-json\/wp\/v2\/comments?post=88"}],"version-history":[{"count":25,"href":"https:\/\/kreislandfrauen-hameln-pyrmont.de\/index.php\/wp-json\/wp\/v2\/pages\/88\/revisions"}],"predecessor-version":[{"id":1116,"href":"https:\/\/kreislandfrauen-hameln-pyrmont.de\/index.php\/wp-json\/wp\/v2\/pages\/88\/revisions\/1116"}],"wp:attachment":[{"href":"https:\/\/kreislandfrauen-hameln-pyrmont.de\/index.php\/wp-json\/wp\/v2\/media?parent=88"}],"curies":[{"name":"wp","href":"https:\/\/api.w.org\/{rel}","templated":true}]}}