{"id":10,"date":"2019-06-04T10:01:51","date_gmt":"2019-06-04T10:01:51","guid":{"rendered":"https:\/\/kreislandfrauen-hameln-pyrmont.de\/?page_id=10"},"modified":"2025-07-07T13:15:36","modified_gmt":"2025-07-07T13:15:36","slug":"kontakt","status":"publish","type":"page","link":"https:\/\/kreislandfrauen-hameln-pyrmont.de\/index.php\/kontakt\/","title":{"rendered":"Kontakt"},"content":{"rendered":"\n<h4>So erreichen Sie uns &#8230;<\/h4>\n\n\n\n<figure class=\"wp-block-image size-large is-resized is-style-rounded\"><img loading=\"lazy\" src=\"https:\/\/kreislandfrauen-hameln-pyrmont.de\/wp-content\/uploads\/2025\/07\/DorisMartina-1024x771.jpeg\" alt=\"\" class=\"wp-image-2276\" width=\"840\" height=\"632\" srcset=\"https:\/\/kreislandfrauen-hameln-pyrmont.de\/wp-content\/uploads\/2025\/07\/DorisMartina-1024x771.jpeg 1024w, https:\/\/kreislandfrauen-hameln-pyrmont.de\/wp-content\/uploads\/2025\/07\/DorisMartina-300x226.jpeg 300w, https:\/\/kreislandfrauen-hameln-pyrmont.de\/wp-content\/uploads\/2025\/07\/DorisMartina-768x578.jpeg 768w, https:\/\/kreislandfrauen-hameln-pyrmont.de\/wp-content\/uploads\/2025\/07\/DorisMartina-1536x1157.jpeg 1536w, https:\/\/kreislandfrauen-hameln-pyrmont.de\/wp-content\/uploads\/2025\/07\/DorisMartina-920x693.jpeg 920w, https:\/\/kreislandfrauen-hameln-pyrmont.de\/wp-content\/uploads\/2025\/07\/DorisMartina-230x173.jpeg 230w, https:\/\/kreislandfrauen-hameln-pyrmont.de\/wp-content\/uploads\/2025\/07\/DorisMartina-350x264.jpeg 350w, https:\/\/kreislandfrauen-hameln-pyrmont.de\/wp-content\/uploads\/2025\/07\/DorisMartina-480x361.jpeg 480w, https:\/\/kreislandfrauen-hameln-pyrmont.de\/wp-content\/uploads\/2025\/07\/DorisMartina.jpeg 2040w\" sizes=\"(max-width: 840px) 100vw, 840px\" \/><figcaption>Martina Brockmann       Doris Ahlswede-Meyer<\/figcaption><\/figure>\n\n\n\n<p class=\"has-text-align-center\">Der Vorstand<\/p>\n\n\n\n<p>1. Vorsitz               : Doris Ahlswede-Meyer , ahlswede-meyer@gmx.de , Tel.: 05151\/41046<\/p>\n\n\n\n<p>Stellvertretung      : Martina Brockmann , brockmann.martina@web.de , Tel.: 015786848933<\/p>\n\n\n\n<ul><li>Finanzwesen    : Karen Diers-M\u00f6ller , k.diersmoeller@gmail.com<\/li><li>Schriftf\u00fchrung : Sabine Bradler<\/li><\/ul>\n\n\n\n<div class=\"wp-block-media-text alignwide is-stacked-on-mobile\"><figure class=\"wp-block-media-text__media\"><\/figure><div class=\"wp-block-media-text__content\">\n<p class=\"has-large-font-size\"><\/p>\n<\/div><\/div>\n\n\n\n<div class=\"wp-block-image is-style-rounded\"><figure class=\"aligncenter size-large\"><img loading=\"lazy\" width=\"771\" height=\"1024\" src=\"https:\/\/kreislandfrauen-hameln-pyrmont.de\/wp-content\/uploads\/2025\/07\/Karen-771x1024.jpeg\" alt=\"\" class=\"wp-image-2277\" srcset=\"https:\/\/kreislandfrauen-hameln-pyrmont.de\/wp-content\/uploads\/2025\/07\/Karen-771x1024.jpeg 771w, https:\/\/kreislandfrauen-hameln-pyrmont.de\/wp-content\/uploads\/2025\/07\/Karen-226x300.jpeg 226w, https:\/\/kreislandfrauen-hameln-pyrmont.de\/wp-content\/uploads\/2025\/07\/Karen-768x1020.jpeg 768w, https:\/\/kreislandfrauen-hameln-pyrmont.de\/wp-content\/uploads\/2025\/07\/Karen-1157x1536.jpeg 1157w, https:\/\/kreislandfrauen-hameln-pyrmont.de\/wp-content\/uploads\/2025\/07\/Karen-920x1222.jpeg 920w, https:\/\/kreislandfrauen-hameln-pyrmont.de\/wp-content\/uploads\/2025\/07\/Karen-230x305.jpeg 230w, https:\/\/kreislandfrauen-hameln-pyrmont.de\/wp-content\/uploads\/2025\/07\/Karen-350x465.jpeg 350w, https:\/\/kreislandfrauen-hameln-pyrmont.de\/wp-content\/uploads\/2025\/07\/Karen-480x638.jpeg 480w, https:\/\/kreislandfrauen-hameln-pyrmont.de\/wp-content\/uploads\/2025\/07\/Karen.jpeg 1536w\" sizes=\"(max-width: 771px) 100vw, 771px\" \/><\/figure><\/div>\n\n\n\n<h2><\/h2>\n\n\n\n<p><\/p>\n\n\n\n<div style=\"height:50px\" aria-hidden=\"true\" class=\"wp-block-spacer\"><\/div>\n\n\n\n<h4>Kontaktformular<\/h4>\n\n\n<div style=\"display:none\" class=\"fm-form-container fm-theme1\"><div id=\"fm-pages1\" class=\"fm-pages wdform_page_navigation \" show_title=\"\" show_numbers=\"1\" type=\"none\"><\/div><form name=\"form1\" action=\"\/index.php\/wp-json\/wp\/v2\/pages\/10\" method=\"post\" id=\"form1\" class=\"fm-form form1  \" enctype=\"multipart\/form-data\"><input type=\"hidden\" id=\"fm_page_id1\" value=\"10\" name=\"fm_page_id1\" \/><input type=\"hidden\" id=\"fm_current_post_type1\" value=\"page\" name=\"fm_current_post_type1\" \/><input type=\"hidden\" id=\"counter1\" value=\"9\" name=\"counter1\" \/><input type=\"hidden\" id=\"Itemid1\" value=\"\" name=\"Itemid1\" \/><input type=\"hidden\" id=\"fm_shake1\" value=\"1\" name=\"fm_shake1\" \/><input type=\"text\" class=\"fm-hide\" id=\"fm_empty_field_validation1\" value=\"\" name=\"fm_empty_field_validation1\" data-value=\"bd736efb144d599cf463541431fbf5c4\" \/><div class=\"wdform-page-and-images fm-form-builder\"><div id=\"1form_view1\" class=\"wdform_page\" page_title=\"Untitled page\" next_title=\"Next\" next_type=\"text\" next_class=\"wdform-page-button\" next_checkable=\"true\" previous_title=\"Previous\" previous_type=\"text\" previous_class=\"wdform-page-button\" previous_checkable=\"false\"><div class=\"wdform_section\"><div class=\"wdform_column\"><div wdid=\"2\" class=\"wdform_row\"><div type=\"type_text\" class=\"wdform-field wd-width-100 wd-flex wd-flex-column fm-type_text\" ><div class=\"wdform-label-section wd-width-100  wd-flex-row wd-align-items-center\">    <label  for=\"wdform_2_element1\" class=\"wdform-label\">Name<\/label><span class=\"wdform-required\">*<\/span><\/div><div class=\"wdform-element-section wd-flex  wd-flex-row wd-align-items-center wd-width-100\" ><input type=\"text\"                           class=\"wd-width-100\"                           id=\"wdform_2_element1\"                           name=\"wdform_2_element1\"                           value=\"\"                           data-value=\"\"                           title=\"\"                           placeholder=\"\"                                                       \/><\/div><\/div><\/div><\/div><div class=\"wdform_column\"><div wdid=\"3\" class=\"wdform_row\"><div type=\"type_submitter_mail\" class=\"wdform-field wd-width-100 wd-flex wd-flex-column fm-type_submitter_mail\" ><div class=\"wdform-label-section wd-width-100  wd-flex-row\">    <label  for=\"wdform_3_element1\" class=\"wdform-label\">Email<\/label><span class=\"wdform-required\">*<\/span><\/div><div class=\"wdform-element-section wd-flex  wd-flex-row wd-width-100\" ><input type=\"text\" class=\"wd-width-100\" id=\"wdform_3_element1\" name=\"wdform_3_element1\" data-value=\"\" value=\"\" title=\"\" placeholder=\"\"   onchange=\"wd_check_email('3', '1', 'Dies ist keine g\u00fcltige E-Mail-Adresse.')\" \/><\/div><\/div><\/div><\/div><div class=\"wdform_column\"><div wdid=\"4\" class=\"wdform_row\"><div type=\"type_text\" class=\"wdform-field wd-width-100 wd-flex wd-flex-column fm-type_text\" ><div class=\"wdform-label-section wd-width-100  wd-flex-row wd-align-items-center\">    <label  for=\"wdform_4_element1\" class=\"wdform-label\">Betreff<\/label><\/div><div class=\"wdform-element-section wd-flex  wd-flex-row wd-align-items-center wd-width-100\" ><input type=\"text\"                           class=\"wd-width-100\"                           id=\"wdform_4_element1\"                           name=\"wdform_4_element1\"                           value=\"\"                           data-value=\"\"                           title=\"\"                           placeholder=\"\"                                                       \/><\/div><\/div><\/div><\/div><div class=\"wdform_column\"><div wdid=\"5\" class=\"wdform_row\"><div type=\"type_textarea\" class=\"wdform-field wd-width-100 wd-flex wd-flex-column fm-type_textarea\" ><div class=\"wdform-label-section wd-width-100 \">    <label  for=\"wdform_5_element1\" class=\"wdform-label\">Nachricht<\/label><span class=\"wdform-required\">*<\/span><\/div><div class=\"wdform-element-section wd-flex  wd-width-100\" ><textarea class=\"wd-width-100\"                      id=\"wdform_5_element1\"                      name=\"wdform_5_element1\"                      placeholder=\"\"                      data-value=\"\"                      maxlength=\"\"                      style=\"height: 100px;\"                      ><\/textarea><\/div><\/div><\/div><\/div><div class=\"wdform_column\"><div wdid=\"8\" class=\"wdform_row\" style=\"position: relative; left: 0px; top: 0px;\"><div type=\"type_checkbox\" class=\"wdform-field wd-width-100 wd-flex wd-flex-column fm-type_checkbox\" ><div class=\"wdform-label-section wd-width-100  wd-flex-wrap wd-flex-column\" style=\"max-width: 100px;\">    <label  class=\"wdform-label\">Datenschutz<\/label><span class=\"wdform-required\">*<\/span><\/div><div class=\"wdform-element-section wd-flex  wd-flex-wrap wd-flex-column wd-width-100\" ><div class=\"wd-flex wd-flex-column\"><input type=\"hidden\" name=\"wdform_8_element1\" value=\"\" \/><div class=\"checkbox-div wd-choice wd-flex wd-flex-row\"><input type=\"checkbox\"  id=\"wdform_8_element10\" name=\"wdform_8_element10\" value=\"Akzeptieren\"    \/><label class=\"wd-align-items-center wd-flex wd-flex-row\" for=\"wdform_8_element10\"><span><\/span>Akzeptieren<\/label><\/div><\/div><\/div><\/div><\/div><\/div><div class=\"wdform_column\"><div wdid=\"7\" class=\"wdform_row\" style=\"position: relative; left: 0px; top: 0px;\"><div type=\"type_editor\" class=\"wdform-field\"><p>Mit dem Absenden dieser Nachricht willige ich ein, dass der Kreisverband der LandFrauenvereine Hameln-Pyrmont e.V. die von mir \u00fcberreichten Informationen und Kontaktdaten dazu verwendet um mit mir anl\u00e4sslich meiner Kontaktaufnahme in Verbindung zu treten, hier\u00fcber zu kommunizieren und meine Anfrage abzuwickeln. Dies gilt insbesondere f\u00fcr die Verwendung der E-Mail-Adresse und der Telefonnummer zum vorgenannten Zweck. Die Einwilligung kann jederzeit mit Wirkung f\u00fcr die Zukunft per E-Mail an ahlswede-meyer@gmx.de oder per Post an Doris Ahlswede-Meyer, Linkworth 1, 31789 Hameln \u2013 T\u00fcndern widerrufen werden. Die Datenschutzerkl\u00e4rung kann <a href=\"https:\/\/kreislandfrauen-hameln-pyrmont.de\/index.php\/datenschutz\/\" data-mce-href=\"https:\/\/kreislandfrauen-hameln-pyrmont.de\/index.php\/datenschutz\/\">hier<\/a> eingesehen werden.<\/p><\/div><\/div><\/div><div class=\"wdform_column\"><div wdid=\"1\" class=\"wdform_row\"><div type=\"type_submit_reset\" class=\"wdform-field wd-width-100 wd-flex wd-flex-column fm-type_submit_reset\" ><div class=\"wdform-element-section wd-flex  wd-flex-row wd-justify-content-left wd-width-100\" ><button  type=\"button\" class=\"button-submit\" onclick=\"fm_submit_form('1');\"  data-ajax=\"0\"><span class=\"fm-submit-loading spinner fm-ico-spinner\"><\/span>Absenden<\/button><button  type=\"button\" class=\"button-reset wd-hidden\" onclick=\"fm_reset_form(1);\" >Reset<\/button><\/div><\/div><\/div><\/div><\/div><div valign=\"top\" class=\"wdform_footer wd-width-100\"><div class=\"wd-width-100\"><div class=\"wd-width-100 wd-table\" style=\"padding-top:10px;\"><div class=\"wd-table-group\"><div id=\"1page_nav1\" class=\"wd-table-row\"><\/div><\/div><\/div><\/div><\/div><\/div><\/div><div class=\"wdform_preload\"><\/div><input type=\"hidden\" name=\"fm-current-page\" value=\"https:\/\/kreislandfrauen-hameln-pyrmont.de\/index.php\/wp-json\/wp\/v2\/pages\/10\" \/><\/form><\/div>\n\n\n\n<p><\/p>\n","protected":false},"excerpt":{"rendered":"<p>So erreichen Sie uns &#8230; Der Vorstand 1. Vorsitz : Doris Ahlswede-Meyer [&hellip;]<\/p>\n","protected":false},"author":1,"featured_media":0,"parent":0,"menu_order":0,"comment_status":"closed","ping_status":"closed","template":"","meta":{"_mc_calendar":[]},"_links":{"self":[{"href":"https:\/\/kreislandfrauen-hameln-pyrmont.de\/index.php\/wp-json\/wp\/v2\/pages\/10"}],"collection":[{"href":"https:\/\/kreislandfrauen-hameln-pyrmont.de\/index.php\/wp-json\/wp\/v2\/pages"}],"about":[{"href":"https:\/\/kreislandfrauen-hameln-pyrmont.de\/index.php\/wp-json\/wp\/v2\/types\/page"}],"author":[{"embeddable":true,"href":"https:\/\/kreislandfrauen-hameln-pyrmont.de\/index.php\/wp-json\/wp\/v2\/users\/1"}],"replies":[{"embeddable":true,"href":"https:\/\/kreislandfrauen-hameln-pyrmont.de\/index.php\/wp-json\/wp\/v2\/comments?post=10"}],"version-history":[{"count":21,"href":"https:\/\/kreislandfrauen-hameln-pyrmont.de\/index.php\/wp-json\/wp\/v2\/pages\/10\/revisions"}],"predecessor-version":[{"id":2281,"href":"https:\/\/kreislandfrauen-hameln-pyrmont.de\/index.php\/wp-json\/wp\/v2\/pages\/10\/revisions\/2281"}],"wp:attachment":[{"href":"https:\/\/kreislandfrauen-hameln-pyrmont.de\/index.php\/wp-json\/wp\/v2\/media?parent=10"}],"curies":[{"name":"wp","href":"https:\/\/api.w.org\/{rel}","templated":true}]}}